{"id":1406,"date":"2015-11-10T20:03:39","date_gmt":"2015-11-10T19:03:39","guid":{"rendered":"https:\/\/trans-history.centropa.org\/pl\/?page_id=1406"},"modified":"2018-05-04T11:41:42","modified_gmt":"2018-05-04T10:41:42","slug":"wywiady","status":"publish","type":"page","link":"https:\/\/trans-history.centropa.org\/pl\/wywiady\/","title":{"rendered":"Wywiady"},"content":{"rendered":"<p>Od 2000 r. Centropa przeprowadzi\u0142a wywiady z 1200 \u017bydami w 15 krajach pomi\u0119dzy Ba\u0142tykiem a Morzem Egejskim (od Estonii i Rosji po Grecj\u0119 i Turcj\u0119). Nigdy nie u\u017cywali\u015bmy wideo ani nie skupiali\u015bmy si\u0119 tylko na Holokau\u015bcie. Zamiast tego poprosili\u015bmy naszych rozm\u00f3wc\u00f3w o podzielenie si\u0119 z nimi historiami z \u017cycia, obejmuj\u0105cymi ca\u0142y XX wiek. Na Ukrainie przeprowadzili\u015bmy wywiady z 267 osobami, kt\u00f3re prze\u017cy\u0142y Holocaust, i zeskanowali\u015bmy ponad 3 302 stare rodzinne zdj\u0119cia. Nasze ukrai\u0144skie wywiady mo\u017cna znale\u017a\u0107 w j\u0119zyku angielskim na stronie www.centropa.org, a tak\u017ce wybrane z naszych najlepszych opowiada\u0144 w j\u0119zyku ukrai\u0144skim na stronie <a href=\"https:\/\/trans-history.centropa.org\">www.trans-history.org.<\/a> W Mo\u0142dawii zebrali\u015bmy 24 wywiady i 389 zdj\u0119\u0107 rodzinnych, a obecnie pracujemy nad udost\u0119pnieniem tych historii w j\u0119zyku rumu\u0144skim i rosyjskim.<\/p>\n<div  class=\"lgc-column lgc-grid-parent lgc-grid-30 lgc-tablet-grid-30 lgc-mobile-grid-100 lgc-equal-heights \"><div  class=\"inside-grid-column\"><a class=\"button blue\" href=\"https:\/\/trans-history.centropa.org\/pl\/wywiady-w-jezyku-polskim\/\">Wywiady w j\u0119zyku polskim<\/a>\n<p><\/p><\/div><\/div>\n<div  class=\"lgc-column lgc-grid-parent lgc-grid-30 lgc-tablet-grid-30 lgc-mobile-grid-100 lgc-equal-heights \"><div  class=\"inside-grid-column\"><a class=\"button blue\" href=\"https:\/\/trans-history.centropa.org\/pl\/wywiady-na-ukrainie\/\">Read the interviews from Ukraine<\/a>\n<p><\/p><\/div><\/div>\n<div  class=\"lgc-column lgc-grid-parent lgc-grid-30 lgc-tablet-grid-30 lgc-mobile-grid-100 lgc-equal-heights \"><div  class=\"inside-grid-column\"><a class=\"button blue\" href=\"https:\/\/trans-history.centropa.org\/pl\/wywiady-w-moldawii\/\">Read the interviews from Moldova<\/a><\/div><\/div><div class=\"lgc-clear\"><\/div>\n","protected":false},"excerpt":{"rendered":"<p>Od 2000 r. Centropa przeprowadzi\u0142a wywiady z 1200 \u017bydami w 15 krajach pomi\u0119dzy Ba\u0142tykiem a Morzem Egejskim (od Estonii i Rosji po Grecj\u0119 i Turcj\u0119). Nigdy nie u\u017cywali\u015bmy wideo ani nie skupiali\u015bmy si\u0119 tylko na Holokau\u015bcie. Zamiast tego poprosili\u015bmy naszych rozm\u00f3wc\u00f3w o podzielenie si\u0119 z nimi historiami z \u017cycia, obejmuj\u0105cymi ca\u0142y XX wiek. Na Ukrainie &#8230; <a title=\"Wywiady\" class=\"read-more\" href=\"https:\/\/trans-history.centropa.org\/pl\/wywiady\/\" aria-label=\"More on Wywiady\">Read more<\/a><\/p>\n","protected":false},"author":1,"featured_media":14088,"parent":0,"menu_order":0,"comment_status":"closed","ping_status":"closed","template":"","meta":{"_coblocks_attr":"","_coblocks_dimensions":"","_coblocks_responsive_height":"","_coblocks_accordion_ie_support":"","_uag_custom_page_level_css":"","generate_page_header":""},"acf":[],"uagb_featured_image_src":{"full":["https:\/\/trans-history.centropa.org\/wp-content\/uploads\/2019\/08\/transhistory-header-interviews-1920x1282.jpg",1920,1282,false],"thumbnail":["https:\/\/trans-history.centropa.org\/wp-content\/uploads\/2019\/08\/transhistory-header-interviews-1920x1282-150x150.jpg",150,150,true],"medium":["https:\/\/trans-history.centropa.org\/wp-content\/uploads\/2019\/08\/transhistory-header-interviews-1920x1282-300x200.jpg",300,200,true],"medium_large":["https:\/\/trans-history.centropa.org\/wp-content\/uploads\/2019\/08\/transhistory-header-interviews-1920x1282-768x513.jpg",768,513,true],"large":["https:\/\/trans-history.centropa.org\/wp-content\/uploads\/2019\/08\/transhistory-header-interviews-1920x1282-1024x684.jpg",1024,684,true],"1536x1536":["https:\/\/trans-history.centropa.org\/wp-content\/uploads\/2019\/08\/transhistory-header-interviews-1920x1282.jpg",1536,1026,false],"2048x2048":["https:\/\/trans-history.centropa.org\/wp-content\/uploads\/2019\/08\/transhistory-header-interviews-1920x1282.jpg",1920,1282,false]},"uagb_author_info":{"display_name":"4l3x_4dm.n","author_link":"https:\/\/trans-history.centropa.org\/pl\/author\/4l3x_4dm-n\/"},"uagb_comment_info":0,"uagb_excerpt":"Od 2000 r. Centropa przeprowadzi\u0142a wywiady z 1200 \u017bydami w 15 krajach pomi\u0119dzy Ba\u0142tykiem a Morzem Egejskim (od Estonii i Rosji po Grecj\u0119 i Turcj\u0119). Nigdy nie u\u017cywali\u015bmy wideo ani nie skupiali\u015bmy si\u0119 tylko na Holokau\u015bcie. Zamiast tego poprosili\u015bmy naszych rozm\u00f3wc\u00f3w o podzielenie si\u0119 z nimi historiami z \u017cycia, obejmuj\u0105cymi ca\u0142y XX wiek. Na Ukrainie&hellip;","_links":{"self":[{"href":"https:\/\/trans-history.centropa.org\/pl\/wp-json\/wp\/v2\/pages\/1406"}],"collection":[{"href":"https:\/\/trans-history.centropa.org\/pl\/wp-json\/wp\/v2\/pages"}],"about":[{"href":"https:\/\/trans-history.centropa.org\/pl\/wp-json\/wp\/v2\/types\/page"}],"author":[{"embeddable":true,"href":"https:\/\/trans-history.centropa.org\/pl\/wp-json\/wp\/v2\/users\/1"}],"replies":[{"embeddable":true,"href":"https:\/\/trans-history.centropa.org\/pl\/wp-json\/wp\/v2\/comments?post=1406"}],"version-history":[{"count":6,"href":"https:\/\/trans-history.centropa.org\/pl\/wp-json\/wp\/v2\/pages\/1406\/revisions"}],"predecessor-version":[{"id":9472,"href":"https:\/\/trans-history.centropa.org\/pl\/wp-json\/wp\/v2\/pages\/1406\/revisions\/9472"}],"wp:featuredmedia":[{"embeddable":true,"href":"https:\/\/trans-history.centropa.org\/pl\/wp-json\/wp\/v2\/media\/14088"}],"wp:attachment":[{"href":"https:\/\/trans-history.centropa.org\/pl\/wp-json\/wp\/v2\/media?parent=1406"}],"curies":[{"name":"wp","href":"https:\/\/api.w.org\/{rel}","templated":true}]}}